{"id":11036,"date":"2024-03-07T13:22:06","date_gmt":"2024-03-07T12:22:06","guid":{"rendered":"https:\/\/www.promotio.sk\/shop\/nezaraden\u00e9\/cox\/"},"modified":"2024-03-07T13:23:17","modified_gmt":"2024-03-07T12:23:17","slug":"cox","status":"publish","type":"product","link":"https:\/\/www.promotio.sk\/cs\/shop\/promo-items\/technology\/sound\/cox\/","title":{"rendered":"COX"},"content":{"rendered":"<p>Ideal ABS wireless speaker with soft touch finish. Bluetooth 3.0 and 3W power. Hands-free function. Rechargeable battery. Cable included. <br \/>Composition: Soft touch ABS.<br \/>Remarks: &#8211; Bluetooth version 3.0 + EDRRecharge Voltage: DC 5V<br \/>\nDob\u00edjec\u00ed lithiov\u00e1 baterie.<br \/>\nOperating distance:  <10 metres.\nFrequency: 150Hz \u2013 20KHz\nSensitivity: 90db \u00b1 2db. \nMicro USB charging cable included\nInstruction manual available in 2 languages: Spanish and English.\nPresentation in design box.\n<\/p>","protected":false},"excerpt":{"rendered":"<p>Ideal ABS wireless speaker with soft touch finish. Bluetooth 3.0 and 3W power. Hands-free function. Rechargeable battery. Cable included. Composition:<\/p>","protected":false},"featured_media":11038,"comment_status":"open","ping_status":"closed","template":"","meta":[],"product_cat":[290,286],"product_tag":[],"class_list":{"0":"post-11036","1":"product","2":"type-product","3":"status-publish","4":"has-post-thumbnail","6":"product_cat-sound","7":"product_cat-technology","9":"first","10":"instock","11":"shipping-taxable","12":"purchasable","13":"product-type-variable"},"_links":{"self":[{"href":"https:\/\/www.promotio.sk\/cs\/wp-json\/wp\/v2\/product\/11036","targetHints":{"allow":["GET"]}}],"collection":[{"href":"https:\/\/www.promotio.sk\/cs\/wp-json\/wp\/v2\/product"}],"about":[{"href":"https:\/\/www.promotio.sk\/cs\/wp-json\/wp\/v2\/types\/product"}],"replies":[{"embeddable":true,"href":"https:\/\/www.promotio.sk\/cs\/wp-json\/wp\/v2\/comments?post=11036"}],"wp:featuredmedia":[{"embeddable":true,"href":"https:\/\/www.promotio.sk\/cs\/wp-json\/wp\/v2\/media\/11038"}],"wp:attachment":[{"href":"https:\/\/www.promotio.sk\/cs\/wp-json\/wp\/v2\/media?parent=11036"}],"wp:term":[{"taxonomy":"product_cat","embeddable":true,"href":"https:\/\/www.promotio.sk\/cs\/wp-json\/wp\/v2\/product_cat?post=11036"},{"taxonomy":"product_tag","embeddable":true,"href":"https:\/\/www.promotio.sk\/cs\/wp-json\/wp\/v2\/product_tag?post=11036"}],"curies":[{"name":"wp","href":"https:\/\/api.w.org\/{rel}","templated":true}]}}