{"id":10948,"date":"2024-03-07T13:17:37","date_gmt":"2024-03-07T12:17:37","guid":{"rendered":"https:\/\/www.promotio.sk\/shop\/nezaraden\u00e9\/mambo\/"},"modified":"2024-03-07T13:18:31","modified_gmt":"2024-03-07T12:18:31","slug":"mambo","status":"publish","type":"product","link":"https:\/\/www.promotio.sk\/cs\/shop\/promo-items\/technology\/sound\/mambo\/","title":{"rendered":"MAMBO"},"content":{"rendered":"<p>Reproduktor vyroben\u00fd z recyklovan\u00e9ho ABS a p\u0159\u00edrodn\u00edho korku, d\u00edky \u010demu\u017e je udr\u017eitelnou a ekologickou volbou. Reproduktor m\u00e1 v\u00fdkon 10 W, co\u017e poskytuje \u010dist\u00fd a ostr\u00fd zvuk.<\/p>\n<p>Reproduktor m\u00e1 dob\u00edjec\u00ed baterii, tak\u017ee si ho m\u016f\u017eete vz\u00edt s sebou, ani\u017e byste museli b\u00fdt neust\u00e1le p\u0159ipojeni k nap\u00e1jen\u00ed. P\u0159ed pou\u017eit\u00edm jej jednodu\u0161e nabijte a u\u017e\u00edvejte si hodiny p\u0159ehr\u00e1v\u00e1n\u00ed hudby.<\/p>\n<p>Tento reproduktor m\u00e1 nav\u00edc funkci handsfree, kter\u00e1 v\u00e1m umo\u017en\u00ed p\u0159ij\u00edmat telefonn\u00ed hovory, ani\u017e byste museli dr\u017eet telefon v ruce.<\/p>\n<p>P\u0159ipojen\u00ed reproduktoru je p\u0159es port typu C, co\u017e je standardn\u00ed modern\u00ed a efektivn\u00ed p\u0159ipojen\u00ed. Kabel pot\u0159ebn\u00fd pro p\u0159ipojen\u00ed je tak\u00e9 sou\u010d\u00e1st\u00ed balen\u00ed, tak\u017ee se nemus\u00edte b\u00e1t jeho samostatn\u00e9ho n\u00e1kupu.<\/p>\n<p>Reproduktor je dod\u00e1v\u00e1n v ekologick\u00e9m designu, co\u017e posiluje jeho udr\u017eiteln\u00fd p\u0159\u00edstup a \u010din\u00ed z n\u011bj ide\u00e1ln\u00ed volbu pro ty, kte\u0159\u00ed si cen\u00ed ekologie. Je to ekologick\u00e1 a praktick\u00e1 mo\u017enost pro poslech va\u0161\u00ed obl\u00edben\u00e9 hudby.<br \/>Slo\u017een\u00ed: ABS a korek<br \/>Pozn\u00e1mky: Prezentace v eko designov\u00e9 krabi\u010dce.<\/p>","protected":false},"excerpt":{"rendered":"<p>Speaker made of recycled ABS and natural cork, making it a sustainable and environmentally friendly choice. The speaker has a<\/p>","protected":false},"featured_media":10949,"comment_status":"open","ping_status":"closed","template":"","meta":[],"product_cat":[290,286],"product_tag":[],"class_list":{"0":"post-10948","1":"product","2":"type-product","3":"status-publish","4":"has-post-thumbnail","6":"product_cat-sound","7":"product_cat-technology","9":"first","10":"instock","11":"shipping-taxable","12":"purchasable","13":"product-type-variable"},"_links":{"self":[{"href":"https:\/\/www.promotio.sk\/cs\/wp-json\/wp\/v2\/product\/10948","targetHints":{"allow":["GET"]}}],"collection":[{"href":"https:\/\/www.promotio.sk\/cs\/wp-json\/wp\/v2\/product"}],"about":[{"href":"https:\/\/www.promotio.sk\/cs\/wp-json\/wp\/v2\/types\/product"}],"replies":[{"embeddable":true,"href":"https:\/\/www.promotio.sk\/cs\/wp-json\/wp\/v2\/comments?post=10948"}],"wp:featuredmedia":[{"embeddable":true,"href":"https:\/\/www.promotio.sk\/cs\/wp-json\/wp\/v2\/media\/10949"}],"wp:attachment":[{"href":"https:\/\/www.promotio.sk\/cs\/wp-json\/wp\/v2\/media?parent=10948"}],"wp:term":[{"taxonomy":"product_cat","embeddable":true,"href":"https:\/\/www.promotio.sk\/cs\/wp-json\/wp\/v2\/product_cat?post=10948"},{"taxonomy":"product_tag","embeddable":true,"href":"https:\/\/www.promotio.sk\/cs\/wp-json\/wp\/v2\/product_tag?post=10948"}],"curies":[{"name":"wp","href":"https:\/\/api.w.org\/{rel}","templated":true}]}}