{"id":10901,"date":"2024-03-07T10:29:19","date_gmt":"2024-03-07T09:29:19","guid":{"rendered":"https:\/\/www.promotio.sk\/shop\/nezaraden\u00e9\/comper\/"},"modified":"2024-03-07T12:49:20","modified_gmt":"2024-03-07T11:49:20","slug":"comper","status":"publish","type":"product","link":"https:\/\/www.promotio.sk\/cs\/shop\/promo-items\/writing_office\/pens\/comper\/","title":{"rendered":"COMPER"},"content":{"rendered":"<p>Kuli\u010dkov\u00e9 pero Eco-line s t\u011blem z korku. Hrot, tla\u010d\u00edtko a klip z p\u0161eni\u010dn\u00fdch vl\u00e1ken. Modr\u00fd inkoust. <br \/>Slo\u017een\u00ed: Korek a p\u0161eni\u010dn\u00e1 vl\u00e1kna.<\/p>","protected":false},"excerpt":{"rendered":"<p>Eco-line ball pen with body in cork. Tip, push button and clip in wheat fibre. Blue ink. Composition: Cork and<\/p>","protected":false},"featured_media":10902,"comment_status":"open","ping_status":"closed","template":"","meta":[],"product_cat":[205,39],"product_tag":[],"class_list":{"0":"post-10901","1":"product","2":"type-product","3":"status-publish","4":"has-post-thumbnail","6":"product_cat-pens","7":"product_cat-writing_office","9":"first","10":"instock","11":"shipping-taxable","12":"purchasable","13":"product-type-variable"},"_links":{"self":[{"href":"https:\/\/www.promotio.sk\/cs\/wp-json\/wp\/v2\/product\/10901","targetHints":{"allow":["GET"]}}],"collection":[{"href":"https:\/\/www.promotio.sk\/cs\/wp-json\/wp\/v2\/product"}],"about":[{"href":"https:\/\/www.promotio.sk\/cs\/wp-json\/wp\/v2\/types\/product"}],"replies":[{"embeddable":true,"href":"https:\/\/www.promotio.sk\/cs\/wp-json\/wp\/v2\/comments?post=10901"}],"wp:featuredmedia":[{"embeddable":true,"href":"https:\/\/www.promotio.sk\/cs\/wp-json\/wp\/v2\/media\/10902"}],"wp:attachment":[{"href":"https:\/\/www.promotio.sk\/cs\/wp-json\/wp\/v2\/media?parent=10901"}],"wp:term":[{"taxonomy":"product_cat","embeddable":true,"href":"https:\/\/www.promotio.sk\/cs\/wp-json\/wp\/v2\/product_cat?post=10901"},{"taxonomy":"product_tag","embeddable":true,"href":"https:\/\/www.promotio.sk\/cs\/wp-json\/wp\/v2\/product_tag?post=10901"}],"curies":[{"name":"wp","href":"https:\/\/api.w.org\/{rel}","templated":true}]}}