{"id":10621,"date":"2024-03-07T09:55:26","date_gmt":"2024-03-07T08:55:26","guid":{"rendered":"https:\/\/www.promotio.sk\/shop\/nezaraden\u00e9\/mabel\/"},"modified":"2024-03-07T13:09:09","modified_gmt":"2024-03-07T12:09:09","slug":"mabel","status":"publish","type":"product","link":"https:\/\/www.promotio.sk\/cs\/shop\/promo-items\/writing_office\/writing-sets\/mabel\/","title":{"rendered":"MABEL"},"content":{"rendered":"<p>Wooden 6-pencil set in a recycled cardboard case with translucent colour cap. In-built sharpener in cap. Available in different colours.<br \/>Slo\u017een\u00ed: Recyklovan\u00fd karton.<\/p>","protected":false},"excerpt":{"rendered":"<p>Wooden 6-pencil set in a recycled cardboard case with translucent colour cap. In-built sharpener in cap. Available in different colours.Composition:<\/p>","protected":false},"featured_media":10622,"comment_status":"open","ping_status":"closed","template":"","meta":[],"product_cat":[39,273],"product_tag":[],"class_list":{"0":"post-10621","1":"product","2":"type-product","3":"status-publish","4":"has-post-thumbnail","6":"product_cat-writing_office","7":"product_cat-writing-sets","9":"first","10":"instock","11":"shipping-taxable","12":"purchasable","13":"product-type-variable"},"_links":{"self":[{"href":"https:\/\/www.promotio.sk\/cs\/wp-json\/wp\/v2\/product\/10621","targetHints":{"allow":["GET"]}}],"collection":[{"href":"https:\/\/www.promotio.sk\/cs\/wp-json\/wp\/v2\/product"}],"about":[{"href":"https:\/\/www.promotio.sk\/cs\/wp-json\/wp\/v2\/types\/product"}],"replies":[{"embeddable":true,"href":"https:\/\/www.promotio.sk\/cs\/wp-json\/wp\/v2\/comments?post=10621"}],"wp:featuredmedia":[{"embeddable":true,"href":"https:\/\/www.promotio.sk\/cs\/wp-json\/wp\/v2\/media\/10622"}],"wp:attachment":[{"href":"https:\/\/www.promotio.sk\/cs\/wp-json\/wp\/v2\/media?parent=10621"}],"wp:term":[{"taxonomy":"product_cat","embeddable":true,"href":"https:\/\/www.promotio.sk\/cs\/wp-json\/wp\/v2\/product_cat?post=10621"},{"taxonomy":"product_tag","embeddable":true,"href":"https:\/\/www.promotio.sk\/cs\/wp-json\/wp\/v2\/product_tag?post=10621"}],"curies":[{"name":"wp","href":"https:\/\/api.w.org\/{rel}","templated":true}]}}