{"id":10605,"date":"2024-03-07T09:53:42","date_gmt":"2024-03-07T08:53:42","guid":{"rendered":"https:\/\/www.promotio.sk\/shop\/nezaraden\u00e9\/veta\/"},"modified":"2024-03-07T13:04:07","modified_gmt":"2024-03-07T12:04:07","slug":"veta","status":"publish","type":"product","link":"https:\/\/www.promotio.sk\/cs\/shop\/promo-items\/writing_office\/pensils\/veta\/","title":{"rendered":"VETA"},"content":{"rendered":"<p>Oval-shaped carpenter pencil for easy marking. Unsharpened tip. Availability in an assortment of colours.<br \/>Slo\u017een\u00ed: D\u0159evo<\/p>","protected":false},"excerpt":{"rendered":"<p>Oval-shaped carpenter pencil for easy marking. Unsharpened tip. Availability in an assortment of colours.Composition: Wood<\/p>","protected":false},"featured_media":10606,"comment_status":"open","ping_status":"closed","template":"","meta":[],"product_cat":[270,39],"product_tag":[],"class_list":{"0":"post-10605","1":"product","2":"type-product","3":"status-publish","4":"has-post-thumbnail","6":"product_cat-pensils","7":"product_cat-writing_office","9":"first","10":"instock","11":"shipping-taxable","12":"purchasable","13":"product-type-variable"},"_links":{"self":[{"href":"https:\/\/www.promotio.sk\/cs\/wp-json\/wp\/v2\/product\/10605","targetHints":{"allow":["GET"]}}],"collection":[{"href":"https:\/\/www.promotio.sk\/cs\/wp-json\/wp\/v2\/product"}],"about":[{"href":"https:\/\/www.promotio.sk\/cs\/wp-json\/wp\/v2\/types\/product"}],"replies":[{"embeddable":true,"href":"https:\/\/www.promotio.sk\/cs\/wp-json\/wp\/v2\/comments?post=10605"}],"wp:featuredmedia":[{"embeddable":true,"href":"https:\/\/www.promotio.sk\/cs\/wp-json\/wp\/v2\/media\/10606"}],"wp:attachment":[{"href":"https:\/\/www.promotio.sk\/cs\/wp-json\/wp\/v2\/media?parent=10605"}],"wp:term":[{"taxonomy":"product_cat","embeddable":true,"href":"https:\/\/www.promotio.sk\/cs\/wp-json\/wp\/v2\/product_cat?post=10605"},{"taxonomy":"product_tag","embeddable":true,"href":"https:\/\/www.promotio.sk\/cs\/wp-json\/wp\/v2\/product_tag?post=10605"}],"curies":[{"name":"wp","href":"https:\/\/api.w.org\/{rel}","templated":true}]}}