{"id":10584,"date":"2024-03-07T09:52:22","date_gmt":"2024-03-07T08:52:22","guid":{"rendered":"https:\/\/www.promotio.sk\/shop\/nezaraden\u00e9\/denok\/"},"modified":"2024-03-07T13:09:26","modified_gmt":"2024-03-07T12:09:26","slug":"denok","status":"publish","type":"product","link":"https:\/\/www.promotio.sk\/cs\/shop\/promo-items\/writing_office\/writing-sets\/denok\/","title":{"rendered":"DENOK"},"content":{"rendered":"<p>U\u017eijte si kreslen\u00ed s propaga\u010dn\u00ed sadou 3 d\u0159ev\u011bn\u00fdch tu\u017eek v krabi\u010dce z recyklovan\u00e9ho kartonu.<\/p>","protected":false},"excerpt":{"rendered":"<p>U\u017eijte si kreslen\u00ed s propaga\u010dn\u00ed sadou 3 d\u0159ev\u011bn\u00fdch tu\u017eek v krabi\u010dce z recyklovan\u00e9ho kartonu.<\/p>","protected":false},"featured_media":10585,"comment_status":"open","ping_status":"closed","template":"","meta":[],"product_cat":[39,273],"product_tag":[],"class_list":{"0":"post-10584","1":"product","2":"type-product","3":"status-publish","4":"has-post-thumbnail","6":"product_cat-writing_office","7":"product_cat-writing-sets","9":"first","10":"instock","11":"shipping-taxable","12":"purchasable","13":"product-type-variable"},"_links":{"self":[{"href":"https:\/\/www.promotio.sk\/cs\/wp-json\/wp\/v2\/product\/10584","targetHints":{"allow":["GET"]}}],"collection":[{"href":"https:\/\/www.promotio.sk\/cs\/wp-json\/wp\/v2\/product"}],"about":[{"href":"https:\/\/www.promotio.sk\/cs\/wp-json\/wp\/v2\/types\/product"}],"replies":[{"embeddable":true,"href":"https:\/\/www.promotio.sk\/cs\/wp-json\/wp\/v2\/comments?post=10584"}],"wp:featuredmedia":[{"embeddable":true,"href":"https:\/\/www.promotio.sk\/cs\/wp-json\/wp\/v2\/media\/10585"}],"wp:attachment":[{"href":"https:\/\/www.promotio.sk\/cs\/wp-json\/wp\/v2\/media?parent=10584"}],"wp:term":[{"taxonomy":"product_cat","embeddable":true,"href":"https:\/\/www.promotio.sk\/cs\/wp-json\/wp\/v2\/product_cat?post=10584"},{"taxonomy":"product_tag","embeddable":true,"href":"https:\/\/www.promotio.sk\/cs\/wp-json\/wp\/v2\/product_tag?post=10584"}],"curies":[{"name":"wp","href":"https:\/\/api.w.org\/{rel}","templated":true}]}}