{"id":10457,"date":"2024-03-07T09:45:27","date_gmt":"2024-03-07T08:45:27","guid":{"rendered":"https:\/\/www.promotio.sk\/shop\/nezaraden\u00e9\/kioto\/"},"modified":"2024-03-07T13:10:48","modified_gmt":"2024-03-07T12:10:48","slug":"kioto","status":"publish","type":"product","link":"https:\/\/www.promotio.sk\/cs\/shop\/promo-items\/writing_office\/writing-sets\/kioto\/","title":{"rendered":"KIOTO"},"content":{"rendered":"<p>Sada pera a tu\u017eky z bambusu s tla\u010d\u00edtkem a modr\u00fdm inkoustem. <br \/>Slo\u017een\u00ed: Bambusov\u00e9 kuli\u010dkov\u00e9 pero a tu\u017eka.<br \/>\nKartonov\u00e1 krabice.<br \/>Pozn\u00e1mky: Baleno v kartonov\u00e9 krabici s efektem d\u0159eva.<\/p>","protected":false},"excerpt":{"rendered":"<p>Pen and propelling pencil set made of bamboo, with push button and blue ink. Composition: Bamboo ball pen and propelling<\/p>","protected":false},"featured_media":10458,"comment_status":"open","ping_status":"closed","template":"","meta":[],"product_cat":[39,273],"product_tag":[],"class_list":{"0":"post-10457","1":"product","2":"type-product","3":"status-publish","4":"has-post-thumbnail","6":"product_cat-writing_office","7":"product_cat-writing-sets","9":"first","10":"instock","11":"shipping-taxable","12":"purchasable","13":"product-type-variable"},"_links":{"self":[{"href":"https:\/\/www.promotio.sk\/cs\/wp-json\/wp\/v2\/product\/10457","targetHints":{"allow":["GET"]}}],"collection":[{"href":"https:\/\/www.promotio.sk\/cs\/wp-json\/wp\/v2\/product"}],"about":[{"href":"https:\/\/www.promotio.sk\/cs\/wp-json\/wp\/v2\/types\/product"}],"replies":[{"embeddable":true,"href":"https:\/\/www.promotio.sk\/cs\/wp-json\/wp\/v2\/comments?post=10457"}],"wp:featuredmedia":[{"embeddable":true,"href":"https:\/\/www.promotio.sk\/cs\/wp-json\/wp\/v2\/media\/10458"}],"wp:attachment":[{"href":"https:\/\/www.promotio.sk\/cs\/wp-json\/wp\/v2\/media?parent=10457"}],"wp:term":[{"taxonomy":"product_cat","embeddable":true,"href":"https:\/\/www.promotio.sk\/cs\/wp-json\/wp\/v2\/product_cat?post=10457"},{"taxonomy":"product_tag","embeddable":true,"href":"https:\/\/www.promotio.sk\/cs\/wp-json\/wp\/v2\/product_tag?post=10457"}],"curies":[{"name":"wp","href":"https:\/\/api.w.org\/{rel}","templated":true}]}}