{"id":10336,"date":"2024-03-07T07:53:40","date_gmt":"2024-03-07T06:53:40","guid":{"rendered":"https:\/\/www.promotio.sk\/shop\/nezaraden\u00e9\/rocix\/"},"modified":"2024-03-19T09:46:21","modified_gmt":"2024-03-19T08:46:21","slug":"rocix","status":"publish","type":"product","link":"https:\/\/www.promotio.sk\/cs\/shop\/promo-items\/christmas\/candles\/rocix\/","title":{"rendered":"ROCIX"},"content":{"rendered":"<p>The scented candle in a glass bowl with a bamboo lid is an elegant and eco-friendly option to create a warm and welcoming atmosphere in your home. This candle is designed in a square shape and has a pleasant vanilla aroma that will fill the space with its sweet fragrance.<br \/>\nThe glass bowl gives a sophisticated touch to the candle, allowing the light of the flame to be reflected in a soft and subtle way. The bamboo lid not only adds a natural and decorative element, but also helps maintain the fragrance of the candle when not in use.<\/p>\n<p>When you light the candle, you will enjoy its soft and enveloping vanilla aroma, creating a relaxing and comforting atmosphere. In addition to its pleasant aroma, the scented candle in a glass bowl and bamboo lid also adds a decorative touch to any space, whether in the living room, bedroom or bathroom.<br \/>Composition: Cristal y bamb\u00fa.<br \/>Pozn\u00e1mky: Presentaci\u00f3n en caja dise\u00f1o eco. <\/p>","protected":false},"excerpt":{"rendered":"<p>The scented candle in a glass bowl with a bamboo lid is an elegant and eco-friendly option to create a<\/p>","protected":false},"featured_media":10337,"comment_status":"open","ping_status":"closed","template":"","meta":[],"product_cat":[613,611,252,251],"product_tag":[],"class_list":{"0":"post-10336","1":"product","2":"type-product","3":"status-publish","4":"has-post-thumbnail","6":"product_cat-candles","7":"product_cat-christmas","8":"product_cat-decoration_games","9":"product_cat-home_gifts","11":"first","12":"instock","13":"shipping-taxable","14":"purchasable","15":"product-type-variable"},"_links":{"self":[{"href":"https:\/\/www.promotio.sk\/cs\/wp-json\/wp\/v2\/product\/10336","targetHints":{"allow":["GET"]}}],"collection":[{"href":"https:\/\/www.promotio.sk\/cs\/wp-json\/wp\/v2\/product"}],"about":[{"href":"https:\/\/www.promotio.sk\/cs\/wp-json\/wp\/v2\/types\/product"}],"replies":[{"embeddable":true,"href":"https:\/\/www.promotio.sk\/cs\/wp-json\/wp\/v2\/comments?post=10336"}],"wp:featuredmedia":[{"embeddable":true,"href":"https:\/\/www.promotio.sk\/cs\/wp-json\/wp\/v2\/media\/10337"}],"wp:attachment":[{"href":"https:\/\/www.promotio.sk\/cs\/wp-json\/wp\/v2\/media?parent=10336"}],"wp:term":[{"taxonomy":"product_cat","embeddable":true,"href":"https:\/\/www.promotio.sk\/cs\/wp-json\/wp\/v2\/product_cat?post=10336"},{"taxonomy":"product_tag","embeddable":true,"href":"https:\/\/www.promotio.sk\/cs\/wp-json\/wp\/v2\/product_tag?post=10336"}],"curies":[{"name":"wp","href":"https:\/\/api.w.org\/{rel}","templated":true}]}}