{"id":10042,"date":"2024-03-06T23:52:23","date_gmt":"2024-03-06T22:52:23","guid":{"rendered":"https:\/\/www.promotio.sk\/shop\/nezaraden\u00e9\/merlot\/"},"modified":"2024-03-07T09:07:13","modified_gmt":"2024-03-07T08:07:13","slug":"merlot","status":"publish","type":"product","link":"https:\/\/www.promotio.sk\/cs\/shop\/promo-items\/kitchen\/openers_accessories\/merlot\/","title":{"rendered":"MERLOT"},"content":{"rendered":"<p>Classic stainless steel corkscrew with double lever. <br \/>Slo\u017een\u00ed: Nerezov\u00e1 ocel.<br \/>Pozn\u00e1mky: Prezentace v b\u00edl\u00e9 krabici.<\/p>","protected":false},"excerpt":{"rendered":"<p>Classic stainless steel corkscrew with double lever. Composition: Stainless steel.Remarks: Presentation in white box.<\/p>","protected":false},"featured_media":10043,"comment_status":"open","ping_status":"closed","template":"","meta":[],"product_cat":[245,31],"product_tag":[],"class_list":{"0":"post-10042","1":"product","2":"type-product","3":"status-publish","4":"has-post-thumbnail","6":"product_cat-kitchen","7":"product_cat-openers_accessories","9":"first","10":"instock","11":"shipping-taxable","12":"purchasable","13":"product-type-variable"},"_links":{"self":[{"href":"https:\/\/www.promotio.sk\/cs\/wp-json\/wp\/v2\/product\/10042","targetHints":{"allow":["GET"]}}],"collection":[{"href":"https:\/\/www.promotio.sk\/cs\/wp-json\/wp\/v2\/product"}],"about":[{"href":"https:\/\/www.promotio.sk\/cs\/wp-json\/wp\/v2\/types\/product"}],"replies":[{"embeddable":true,"href":"https:\/\/www.promotio.sk\/cs\/wp-json\/wp\/v2\/comments?post=10042"}],"wp:featuredmedia":[{"embeddable":true,"href":"https:\/\/www.promotio.sk\/cs\/wp-json\/wp\/v2\/media\/10043"}],"wp:attachment":[{"href":"https:\/\/www.promotio.sk\/cs\/wp-json\/wp\/v2\/media?parent=10042"}],"wp:term":[{"taxonomy":"product_cat","embeddable":true,"href":"https:\/\/www.promotio.sk\/cs\/wp-json\/wp\/v2\/product_cat?post=10042"},{"taxonomy":"product_tag","embeddable":true,"href":"https:\/\/www.promotio.sk\/cs\/wp-json\/wp\/v2\/product_tag?post=10042"}],"curies":[{"name":"wp","href":"https:\/\/api.w.org\/{rel}","templated":true}]}}