{"id":3,"date":"2024-02-16T13:42:31","date_gmt":"2024-02-16T12:42:31","guid":{"rendered":"https:\/\/www.promotio.sk\/?page_id=3"},"modified":"2024-03-06T17:34:28","modified_gmt":"2024-03-06T16:34:28","slug":"privacy-policy","status":"publish","type":"page","link":"https:\/\/www.promotio.sk\/cs\/privacy-policy\/","title":{"rendered":"Z\u00e1sady ochrany osobn\u00edch \u00fadaj\u016f"},"content":{"rendered":"<h2 class=\"wp-block-heading\">Kdo jsme<\/h2><p><strong class=\"privacy-policy-tutorial\">Navrhovan\u00fd text: <\/strong>Adresa na\u0161\u00ed webov\u00e9 str\u00e1nky je: https:\/\/www.promotio.sk.<\/p><h2 class=\"wp-block-heading\">Koment\u00e1re<\/h2><p><strong class=\"privacy-policy-tutorial\">Navrhovan\u00fd text: <\/strong>Ke\u010f web nav\u0161t\u011bvuj\u00ed koment\u00e1\u0159e na str\u00e1nce, shroma\u017e\u010fujeme \u00fadaje, kter\u00e9 jsou zobrazeny ve formul\u00e1\u0159i koment\u00e1\u0159e a tak\u00e9 IP adresy u\u017eivatel\u016f a User Agent prohl\u00ed\u017ee\u010de z d\u016fvodu ochrany proti spamu.<\/p><p>Anonymizovan\u00fd re\u0165azec vytvo\u0159en\u00fd z va\u0161\u00ed e-mailov\u00e9 adresy (naz\u00fdvan\u00fd aj hash) m\u016f\u017ee by\u0165 poskytnut\u00e1 slu\u017eba Gravatar pre overenie, \u010di ji pou\u017e\u00edv\u00e1te. Z\u00e1sady ochrany osobn\u00fdch \u00fadajov slu\u017eby Gravatar najdete na: https:\/\/automattic.com\/privacy\/. Po schv\u00e1len\u00ed va\u0161eho koment\u00e1\u0159e bude va\u0161e profilov\u00e1 fotografie ve\u0159ejn\u011b zobrazena spolu s obsahem va\u0161eho koment\u00e1\u0159e.<\/p><h2 class=\"wp-block-heading\">Multim\u00e9dia<\/h2><p><strong class=\"privacy-policy-tutorial\">Navrhovan\u00fd text: <\/strong>Pri nahr\u00e1van\u00ed obr\u00e1zk\u016f by ste si mali spustit webovou str\u00e1nku s nahran\u00fdmi obr\u00e1zky s EXIF GPS \u00fadaji o poloze. U\u017eivatel\u00e9 webu mohou st\u00e1hnout a zobrazit v\u0161echny \u00fadaje o poloze z obr\u00e1zk\u016f.<\/p><h2 class=\"wp-block-heading\">Soubory cookies<\/h2><p><strong class=\"privacy-policy-tutorial\">Navrhovan\u00fd text: <\/strong>Pokud p\u0159id\u00e1te koment\u00e1\u0159 na na\u0161\u00ed str\u00e1nce, m\u016f\u017eete souhlasit s ulo\u017een\u00edm va\u0161\u00ed mena, e-mailov\u00e9 adresy a webov\u00e9 str\u00e1nky do soubor\u016f cookie. Je to pre va\u0161e pohodlie, aby ste nemuseli znovu vybavit va\u0161e \u00fadaje znovu p\u0159i p\u0159id\u00e1v\u00e1n\u00ed dal\u0161\u00edho koment\u00e1\u0159e. Tieto s\u00fabory cookies jsou platn\u00fd jeden rok.<\/p><p>Pokud nav\u0161t\u00edv\u00edte na\u0161u str\u00e1nku prihl\u00e1senia, ulo\u017e\u00edme do\u010dasn\u00e9 soubory cookie na ur\u010den\u00ed toho, \u010di v\u00e1\u0161 prohl\u00ed\u017ee\u010d p\u0159ij\u00edm\u00e1 soubory cookie. Tyto soubory cookie neobsahuj\u00ed \u017e\u00e1dn\u00e9 osobn\u00ed \u00fadaje a jsou odstran\u011bny p\u0159i spu\u0161t\u011bn\u00ed prohl\u00ed\u017ee\u010de.<\/p><p>Pri prihl\u00e1sen\u00ed nastav\u00edme n\u011bkolik soubor\u016f cookies, aby sme ulo\u017eili va\u0161e prihlasovac\u00ed \u00fadaje a nastaven\u00ed zobrazen\u00ed. Prihlasovacie cookies jsou platn\u00e9 dva dni a nastaven\u00ed zobrazen\u00ed jeden rok. Pokud m\u00e1te mo\u017enost \u201ezapam\u00e4tat\u201c, va\u0161e ozn\u00e1men\u00ed bude platn\u00e9 dva t\u00fddny. P\u0159i odhl\u00e1\u0161en\u00ed z va\u0161eho \u00fa\u010dtu jsou odstran\u011bny soubory cookie. <\/p><p>Pri \u00faprav\u00e1ch nebo aktualizac\u00edch budou zve\u0159ejn\u011bny publikovan\u00e9 ulo\u017een\u00e9 soubory cookie. Tyto soubory cookie neobsahuj\u00ed \u017e\u00e1dn\u00e9 osobn\u00ed \u00fadaje a odkazuj\u00ed pouze na ID \u010dl\u00e1nku, kter\u00fd jste upravili. Soubory jsou platn\u00e9 1 de\u0148.<\/p><h2 class=\"wp-block-heading\">Vlo\u017een\u00fd obsah z jin\u00fdch webov\u00fdch str\u00e1nek<\/h2><p><strong class=\"privacy-policy-tutorial\">Navrhovan\u00fd text: <\/strong>\u010cl\u00e1nky na t\u00e9to webov\u00e9 str\u00e1nce mohou obsahovat vlo\u017een\u00fd obsah (napr. vide\u00e1, obr\u00e1zky, \u010dl\u00e1nky a podobn\u00e9). Vlo\u017een\u00fd obsah z jin\u00fdch str\u00e1nek sa chov\u00e1 stejn\u011b, jakoby nav\u0161t\u00edvil in\u00fa webov\u00fa str\u00e1nku. <\/p><p>Tieto webov\u00e9 str\u00e1nky mohou o v\u00e1s shroma\u017e\u010fovat osobn\u00e9 \u00fadaje, pou\u017e\u00edvat soubory cookie, vkl\u00e1dat tre\u0165o-strann\u00e9 sledov\u00e1n\u00ed a sledovat va\u0161i interakci s vlo\u017een\u00fdm obsahem, sledovat va\u0161i interakci s vlo\u017een\u00fdm obsahem, pokud na dan\u00e9 webov\u00e9 str\u00e1nce m\u00e1te \u00fa\u010det a jste p\u0159ihl\u00e1\u0161eni. <\/p><h2 class=\"wp-block-heading\">S k\u00fdm sd\u00edlet va\u0161e \u00fadaje<\/h2><p><strong class=\"privacy-policy-tutorial\">Navrhovan\u00fd text: <\/strong>Pokud po\u017eadujete obnoven\u00ed hesla, va\u0161e adresa IP bude uvedena v e-mailu na obnoven\u00ed hesla.<\/p><h2 class=\"wp-block-heading\">Ako dlouho uchov\u00e1v\u00e1me va\u0161e \u00fadaje<\/h2><p><strong class=\"privacy-policy-tutorial\">Navrhovan\u00fd text: <\/strong>P\u0159i p\u0159id\u00e1v\u00e1n\u00ed koment\u00e1\u0159e, koment\u00e1\u0159e a jeho meta\u00fadaje jsou ulo\u017eeny odd\u011blene. V\u010faka tomu vieme rozpozna\u0165 a schv\u00e1li\u0165 automaticky s\u00favisiace koment\u00e1re bez toho, aby museli by\u0165 podr\u017ean\u00e9 na moder\u00e1ciu.<\/p><p>Pre u\u017eivatele, kte\u0159\u00ed se zaregistruj\u00ed na na\u0161ich webov\u00fdch str\u00e1nk\u00e1ch (jak tak\u00e9 existuj\u00ed), ukl\u00e1d\u00e1me i osobn\u00ed \u00fadaje, kter\u00e9 poskytuj\u00ed, do jejich u\u017eivatelsk\u00e9ho profilu. V\u0161ichni mohou kdykoli zobrazit, opravit nebo odstranit svoje osobn\u00ed \u00fadaje (okrem zmeny pou\u017e\u00edvate\u013esk\u00e9ho). Spr\u00e1vci webov\u00fdch str\u00e1nek tak\u00e9 mohou zobrazit a upravit tyto informace.<\/p><h2 class=\"wp-block-heading\">Jak\u00e9 pr\u00e1va m\u00e1te nad sv\u00fdmi \u00fadaji<\/h2><p><strong class=\"privacy-policy-tutorial\">Navrhovan\u00fd text: <\/strong>Pokud na t\u00e9to webov\u00e9 str\u00e1nce m\u00e1te \u00fa\u010det, nebo jste tu p\u0159idali koment\u00e1\u0159, m\u016f\u017eete po\u017e\u00e1dat o export va\u0161ich osobn\u00edch \u00fadaj\u016f, kter\u00e9 o v\u00e1s ukl\u00e1d\u00e1me, v\u010dteme \u00fadaje, kter\u00e9 n\u00e1m poskytnete. M\u016f\u017eete tak po\u017e\u00e1dat o vymaz\u00e1n\u00ed osobn\u00edch \u00fadaj\u016f. To sa ale net\u00fdk\u00e1 \u00fadajov, kter\u00e9 o v\u00e1s mus\u00edme uchov\u00e1vat z administrat\u00edvnych, pr\u00e1vnych alebo bezpe\u010dnostn\u00fdch d\u00f4vodov. <\/p><h2 class=\"wp-block-heading\">Kam sa va\u0161e \u00fadaje zobrazuj\u00fa<\/h2><p><strong class=\"privacy-policy-tutorial\">Navrhovan\u00fd text: <\/strong>Koment\u00e1re n\u00e1v\u0161tevn\u00edkov m\u00f4\u017eu by\u0165 kontrolovan\u00e9 prostredn\u00edctvom automatizovan\u00fdch slu\u017eieb na detekciu spamu.<\/p>","protected":false},"excerpt":{"rendered":"<p>Kto sme Navrhovan\u00fd text: Adresa na\u0161ej webovej str\u00e1nky je: https:\/\/www.promotio.sk. Koment\u00e1re Navrhovan\u00fd text: Ke\u010f n\u00e1v\u0161tevn\u00edci webu zanechavaj\u00fa na str\u00e1nke koment\u00e1re,<\/p>","protected":false},"author":1,"featured_media":0,"parent":0,"menu_order":0,"comment_status":"closed","ping_status":"closed","template":"","meta":{"footnotes":""},"class_list":["post-3","page","type-page","status-publish","hentry"],"_links":{"self":[{"href":"https:\/\/www.promotio.sk\/cs\/wp-json\/wp\/v2\/pages\/3","targetHints":{"allow":["GET"]}}],"collection":[{"href":"https:\/\/www.promotio.sk\/cs\/wp-json\/wp\/v2\/pages"}],"about":[{"href":"https:\/\/www.promotio.sk\/cs\/wp-json\/wp\/v2\/types\/page"}],"author":[{"embeddable":true,"href":"https:\/\/www.promotio.sk\/cs\/wp-json\/wp\/v2\/users\/1"}],"replies":[{"embeddable":true,"href":"https:\/\/www.promotio.sk\/cs\/wp-json\/wp\/v2\/comments?post=3"}],"version-history":[{"count":1,"href":"https:\/\/www.promotio.sk\/cs\/wp-json\/wp\/v2\/pages\/3\/revisions"}],"predecessor-version":[{"id":7897,"href":"https:\/\/www.promotio.sk\/cs\/wp-json\/wp\/v2\/pages\/3\/revisions\/7897"}],"wp:attachment":[{"href":"https:\/\/www.promotio.sk\/cs\/wp-json\/wp\/v2\/media?parent=3"}],"curies":[{"name":"wp","href":"https:\/\/api.w.org\/{rel}","templated":true}]}}