{"id":17,"date":"2024-02-26T18:53:14","date_gmt":"2024-02-26T17:53:14","guid":{"rendered":"https:\/\/www.promotio.sk\/index.php\/moj-ucet\/"},"modified":"2024-03-06T13:45:18","modified_gmt":"2024-03-06T12:45:18","slug":"my-account","status":"publish","type":"page","link":"https:\/\/www.promotio.sk\/cs\/my-account\/","title":{"rendered":"M\u016fj \u00fa\u010det"},"content":{"rendered":"<div class=\"woocommerce\"><\/div>","protected":false},"excerpt":{"rendered":"","protected":false},"author":1,"featured_media":0,"parent":0,"menu_order":0,"comment_status":"closed","ping_status":"closed","template":"","meta":{"footnotes":""},"class_list":["post-17","page","type-page","status-publish","hentry"],"_links":{"self":[{"href":"https:\/\/www.promotio.sk\/cs\/wp-json\/wp\/v2\/pages\/17","targetHints":{"allow":["GET"]}}],"collection":[{"href":"https:\/\/www.promotio.sk\/cs\/wp-json\/wp\/v2\/pages"}],"about":[{"href":"https:\/\/www.promotio.sk\/cs\/wp-json\/wp\/v2\/types\/page"}],"author":[{"embeddable":true,"href":"https:\/\/www.promotio.sk\/cs\/wp-json\/wp\/v2\/users\/1"}],"replies":[{"embeddable":true,"href":"https:\/\/www.promotio.sk\/cs\/wp-json\/wp\/v2\/comments?post=17"}],"version-history":[{"count":1,"href":"https:\/\/www.promotio.sk\/cs\/wp-json\/wp\/v2\/pages\/17\/revisions"}],"predecessor-version":[{"id":6688,"href":"https:\/\/www.promotio.sk\/cs\/wp-json\/wp\/v2\/pages\/17\/revisions\/6688"}],"wp:attachment":[{"href":"https:\/\/www.promotio.sk\/cs\/wp-json\/wp\/v2\/media?parent=17"}],"curies":[{"name":"wp","href":"https:\/\/api.w.org\/{rel}","templated":true}]}}